{"id":10,"date":"2023-04-13T22:54:39","date_gmt":"2023-04-13T20:54:39","guid":{"rendered":"https:\/\/nessaja.ch\/?page_id=10"},"modified":"2023-04-13T22:54:39","modified_gmt":"2023-04-13T20:54:39","slug":"faq","status":"publish","type":"page","link":"https:\/\/nessaja.ch\/?page_id=10","title":{"rendered":"FAQ"},"content":{"rendered":"\n<p><strong>Anreise: Wie reise ich am besten an?&nbsp;<\/strong><br>Am einfachsten ist die Anreise mit dem Auto. Direkt beim Herzberg (Erli 4, 6253 Uffikon) stehen gen\u00fcgend Parkpl\u00e4tze zur Verf\u00fcgung. Falls die Anreise mit den \u00f6ffentlichen Verkehrsmitteln erfolgt, f\u00e4hrt ein Bus bis Uffikon. Zu Fuss ist es zum Herzberg relativ weit. Wenn du mit dem \u00f6V kommst, melde dich bei uns, wir organisieren dir eine Fahrgelegenheit von Uffikon zum Herzberg.&nbsp;<\/p>\n\n\n\n<p><strong>Barrierefreiheit: Kann ich bei der Zeremonie auch teilnehmen, wenn ich nicht so gut zu Fuss bin?&nbsp;<\/strong><br>Ja. F\u00fcr Leute, die nicht mehr so gut zu Fuss sind, gibt es einen Fahrdienst bis einige Meter vor dem Zeremonienplatz. Die letzten paar Meter k\u00f6nnen mit Unterst\u00fctzung selbst gegangen werden.<\/p>\n\n\n\n<p><strong>Darbietungen: Darf ich etwas zur Unterhaltung beitragen und eine Darbietung organisieren?<\/strong><br>Nein. Wir sch\u00e4tzen dein Engagement sehr, verzichten an unserer Hochzeit jedoch bewusst auf ein Unterhaltungsprogramm von Seiten der G\u00e4ste. Du darfst unsere Hochzeit geniessen, ohne etwas zu organisieren. Wir werden selbst etwas Kleines zur Unterhaltung beisteuern, ansonsten ist es uns wichtig, dass wir mit unseren Liebsten reden, lachen und diskutieren k\u00f6nnen. Also keine Spiele, Tiershows, Konfetti, unterhaltsame Darbietungen, Fotoshows, Konzerte mit Instrumenten etc.! Danke, dass du diesen grossen Wunsch von uns respektierst.<\/p>\n\n\n\n<p><strong>Dresscode: Welche Kleidung ist angebracht?<\/strong><br>Das wichtigste ist, dass du dich in deinen Kleidern wohlf\u00fchlst. Es gibt keinen Dresscode. Wir empfehlen allerdings, auf Schuhe mit d\u00fcnnen Abs\u00e4tzen zu verzichten, da diese f\u00fcr unsere Waldzeremonie eher ung\u00fcnstig sind. Du solltest in der Lage sein, in deinen Schuhen 5 Minuten \u00fcber nat\u00fcrlichen Boden zu gehen.&nbsp;<\/p>\n\n\n\n<p><strong>Essen: Was muss ich tun, wenn ich spezielle Essensw\u00fcnsche habe (z. B. wegen einer Allergie, pers\u00f6nlichen \u00dcberzeugungen etc.)?&nbsp;<\/strong><br>Bei der Anmeldung hat es ein Feld, wo man diese Essensw\u00fcnsche eintragen kann. Wir werden diese mit dem Caterer besprechen und so gut es geht ber\u00fccksichtigen.&nbsp;Bei R\u00fcckfragen kommen wir auf dich zu.<\/p>\n\n\n\n<p><strong>Geschenke: Womit k\u00f6nnen wir euch eine Freude machen?<\/strong>&nbsp;<br>Wir freuen uns in erster Linie, wenn ihr unseren speziellen Tag mit uns verbringt. M\u00f6chtet ihr uns trotzdem ein Geschenk geben, w\u00fcrden wir uns \u00fcber einen finanziellen Zustupf f\u00fcr unsere Reise-\/Ausflugskasse freuen.&nbsp;Wir bitten euch, uns keine Gutscheine f\u00fcr Hotels, Wellness etc. zu schenken. Erfahrungen unserer Kollegen haben gezeigt, dass diese oft in der Schublade landen und nicht oder nicht rechtzeitig eingel\u00f6st werden k\u00f6nnen.&nbsp;<\/p>\n\n\n\n<p><strong>Hunde: K\u00f6nnen wir unseren Hund mitbringen?&nbsp;<\/strong><br>Wir lieben Hunde \u2013 sie sind herzlich willkommen. Allerdings ist es w\u00e4hrend der Zeremonie im Wald nicht m\u00f6glich, dass andere Hunde mitkommen. Dein Hund m\u00fcsste in dieser Zeit beispielsweise im Festsaal in einer Box oder (je nach Wetter) im Auto warten.&nbsp;Wenn du deinen Hund mitbringst, ist es deshalb sinnvoll, auch eine Box mitzubringen, damit der Hund genug Ruhezeiten hat. Teile uns doch mit, wenn dein Hund mitkommt.<\/p>\n","protected":false},"excerpt":{"rendered":"<p>Anreise: Wie reise ich am besten an?&nbsp;Am einfachsten ist die Anreise mit dem Auto. Direkt beim Herzberg (Erli 4, 6253 Uffikon) stehen gen\u00fcgend Parkpl\u00e4tze zur Verf\u00fcgung. Falls die Anreise mit<\/p>\n<p class=\"more-link\"><a href=\"https:\/\/nessaja.ch\/?page_id=10\" class=\"readmore\">Continue reading<svg class=\"icon icon-arrow-right\" aria-hidden=\"true\" role=\"img\"> <use href=\"#icon-arrow-right\" xlink:href=\"#icon-arrow-right\"><\/use> <\/svg><span class=\"screen-reader-text\">FAQ<\/span><\/a><\/p>\n","protected":false},"author":1,"featured_media":0,"parent":0,"menu_order":0,"comment_status":"closed","ping_status":"closed","template":"","meta":{"footnotes":""},"class_list":["post-10","page","type-page","status-publish","hentry"],"_links":{"self":[{"href":"https:\/\/nessaja.ch\/index.php?rest_route=\/wp\/v2\/pages\/10","targetHints":{"allow":["GET"]}}],"collection":[{"href":"https:\/\/nessaja.ch\/index.php?rest_route=\/wp\/v2\/pages"}],"about":[{"href":"https:\/\/nessaja.ch\/index.php?rest_route=\/wp\/v2\/types\/page"}],"author":[{"embeddable":true,"href":"https:\/\/nessaja.ch\/index.php?rest_route=\/wp\/v2\/users\/1"}],"replies":[{"embeddable":true,"href":"https:\/\/nessaja.ch\/index.php?rest_route=%2Fwp%2Fv2%2Fcomments&post=10"}],"version-history":[{"count":1,"href":"https:\/\/nessaja.ch\/index.php?rest_route=\/wp\/v2\/pages\/10\/revisions"}],"predecessor-version":[{"id":11,"href":"https:\/\/nessaja.ch\/index.php?rest_route=\/wp\/v2\/pages\/10\/revisions\/11"}],"wp:attachment":[{"href":"https:\/\/nessaja.ch\/index.php?rest_route=%2Fwp%2Fv2%2Fmedia&parent=10"}],"curies":[{"name":"wp","href":"https:\/\/api.w.org\/{rel}","templated":true}]}}