{"id":12,"date":"2023-04-13T22:56:04","date_gmt":"2023-04-13T20:56:04","guid":{"rendered":"https:\/\/nessaja.ch\/?page_id=12"},"modified":"2023-04-13T22:56:04","modified_gmt":"2023-04-13T20:56:04","slug":"ueber-uns","status":"publish","type":"page","link":"https:\/\/nessaja.ch\/?page_id=12","title":{"rendered":"\u00dcber uns"},"content":{"rendered":"\n<figure class=\"wp-block-gallery has-nested-images columns-default is-cropped wp-block-gallery-1 is-layout-flex wp-block-gallery-is-layout-flex\">\n<figure class=\"wp-block-image size-large\"><img loading=\"lazy\" decoding=\"async\" width=\"1024\" height=\"682\" data-id=\"14\" src=\"https:\/\/nessaja.ch\/wp-content\/uploads\/2023\/04\/IMG_9379_klein-1024x682.jpg\" alt=\"\" class=\"wp-image-14\" srcset=\"https:\/\/nessaja.ch\/wp-content\/uploads\/2023\/04\/IMG_9379_klein-1024x682.jpg 1024w, https:\/\/nessaja.ch\/wp-content\/uploads\/2023\/04\/IMG_9379_klein-300x200.jpg 300w, https:\/\/nessaja.ch\/wp-content\/uploads\/2023\/04\/IMG_9379_klein-768x512.jpg 768w, https:\/\/nessaja.ch\/wp-content\/uploads\/2023\/04\/IMG_9379_klein-1536x1024.jpg 1536w, https:\/\/nessaja.ch\/wp-content\/uploads\/2023\/04\/IMG_9379_klein.jpg 2000w\" sizes=\"auto, (max-width: 1024px) 100vw, 1024px\" \/><\/figure>\n\n\n\n<figure class=\"wp-block-image size-large\"><img loading=\"lazy\" decoding=\"async\" width=\"1024\" height=\"682\" data-id=\"13\" src=\"https:\/\/nessaja.ch\/wp-content\/uploads\/2023\/04\/IMG_9400_klein-1024x682.jpg\" alt=\"\" class=\"wp-image-13\" srcset=\"https:\/\/nessaja.ch\/wp-content\/uploads\/2023\/04\/IMG_9400_klein-1024x682.jpg 1024w, https:\/\/nessaja.ch\/wp-content\/uploads\/2023\/04\/IMG_9400_klein-300x200.jpg 300w, https:\/\/nessaja.ch\/wp-content\/uploads\/2023\/04\/IMG_9400_klein-768x512.jpg 768w, https:\/\/nessaja.ch\/wp-content\/uploads\/2023\/04\/IMG_9400_klein-1536x1024.jpg 1536w, https:\/\/nessaja.ch\/wp-content\/uploads\/2023\/04\/IMG_9400_klein.jpg 2000w\" sizes=\"auto, (max-width: 1024px) 100vw, 1024px\" \/><\/figure>\n<\/figure>\n\n\n\n<p>Fotos: Andrea Nietlisbach<\/p>\n\n\n\n<p><strong>Hier erfahrt ihr von A bis Z einige lustige, spannende und unterhaltsame Fakten \u00fcber Sarah und David. Viel Spass&nbsp;<\/strong><strong>\ud83d\ude42<\/strong><strong>&nbsp;<\/strong><\/p>\n\n\n\n<p><strong>A wie Autofahren:<\/strong><strong>&nbsp;<\/strong>Da wir in unterschiedlichen Regionen der Schweiz aufgewachsen sind, fahren wir viel Auto. David ist ein hervorragender Chauffeur (wobei er die Tendenz hat, etwas zu schnell in die Kurven zu gehen und bei Schnee gerne mal driften m\u00f6chte\u2026 :-)) und Sarah ist f\u00fcr die Navigation, die Verpflegung und die Unterhaltung zust\u00e4ndig.&nbsp;<\/p>\n\n\n\n<p><strong>B wie Br\u00fcttelen:<\/strong>&nbsp;Die kleine Gemeinde im Berner Seeland ist unser aktuelles Zuhause. Wir haben ein H\u00e4uschen am Rande des Dorfes gemietet, wo wir uns sehr wohl f\u00fchlen. Insbesondere die N\u00e4he zum Wald und den Tieren gef\u00e4llt uns und sorgt immer mal wieder f\u00fcr unvergessliche Situationen: So ist es schon vorgekommen, dass wir eines Abends so schnell wir konnten ins Auto eingestiegen sind und unserer Nachbarin geholfen haben, die ausgeb\u00fcxten Pferde zu suchen, Sarah hat eine Amsel aus einem Maschendrahtzaun gerettet, eine aggressive Kr\u00e4he klopft immer mal wieder an unsere Fensterscheibe, die alte und verletzte Katze unserer Nachbarin haben wir begleitet, bis eine Tiersch\u00fctzerin sie zum Tierarzt bringen konnte und einmal hat Sarah einen kleinen Spatz zur Wildtierstation gebracht, da er aus dem Nest gefallen war und von Nanuk zu uns gebracht wurde\u2026\u2026 F\u00fcr Unterhaltung ist also gesorgt\u2026&nbsp;<\/p>\n\n\n\n<p><strong>C wie Cameo:<\/strong><strong>&nbsp;<\/strong>Cameo \u2013 unser Labradorr\u00fcde \u2013 ist am 17. September 2020 bei uns eingezogen und bestimmt seither unser Leben. Er sorgt daf\u00fcr, dass wir immer gut aufr\u00e4umen (was nicht aufger\u00e4umt ist, stibitzt oder zerfetzt er), dass wir am Morgen nicht allzu lange im Bett liegen bleiben und dass wir auch bei Regenwetter nach draussen gehen (wobei er manchmal an regnerischen Tagen den ganzen Tag verschl\u00e4ft).&nbsp;<\/p>\n\n\n\n<p><strong>D wie Deutschschweiz:<\/strong><strong>&nbsp;<\/strong>Die Definition von \u00abDeutschschweiz\u00bb ist in unserer Beziehung immer mal wieder ein Diskussionspunkt. Was zur Deutschschweiz geh\u00f6rt und was nicht, ist nicht eindeutig festgelegt: So f\u00e4ngt f\u00fcr die Oberwalliser (das heisst, auch f\u00fcr die \u00abLeetsch\u00e4r\u00bb) die Deutschschweiz jenseits des L\u00f6tschbergs an. Sarah sieht dies jedoch anders: Da die offizielle Sprache auch im Oberwallis Deutsch ist, geh\u00f6rt das Oberwallis auch zur Deutschschweiz.&nbsp;<\/p>\n\n\n\n<p><strong>E wie Eis:<\/strong><strong>&nbsp;<\/strong>Eis und Schnee m\u00f6gen wir sehr \u2013 der Sommer ist uns viel zu heiss. Wir bevorzugen die k\u00fchleren Jahreszeiten. Auch Cameo liebt Schnee und Eis: Im Schnee tobt er sich so richtig aus und zur Erfrischung gibt\u2019s im Anschluss einen Eiszapfen. Im Sommer k\u00fchlt er sich ab und zu mit einem Eisw\u00fcrfel ab.<\/p>\n\n\n\n<p><strong>F wie Freizeit und Fotografie:<\/strong><strong>&nbsp;<\/strong>Wir verbringen unsere Freizeit gerne draussen in der Natur mit Cameo. Dabei darf die Fotoausr\u00fcstung von Sarah nicht fehlen (wobei vor allem David darum besorgt ist, dass die Kamera und die Objektive heil auf dem Berg ankommen :-)). Oftmals starten solche Fotoabenteuer am fr\u00fchen Morgen \u2013 was f\u00fcr den Langschl\u00e4fer David nicht immer ganz einfach ist, da die Fr\u00fchaufsteherin Sarah bereits am Morgen um 4 Uhr oder noch fr\u00fcher ein waches Mundwerk hat :-). Sobald David aber dann auch mal aufgewacht ist, kann auch er die Ausfl\u00fcge geniessen. Neben dem Wandern und Fotografieren geniesst David seine Freizeit in der Werkstatt: Er kreiert (meist) sinnvolle Objekte und Gebrauchsgegenst\u00e4nde und nicht selten schreinert er Kleinigkeiten f\u00fcr den Kindergarten.<\/p>\n\n\n\n<p><strong>G wie grillieren:<\/strong><strong>&nbsp;<\/strong>David ist ein toller Grillmeister! Nicht nur Fleisch, sondern auch Pizza, Gem\u00fcse, Schoggibananen und vieles mehr br\u00e4telt er mit viel Freude. Insbesondere in den w\u00e4rmeren Jahreszeiten wird unser Grill wohl mehr benutzt als der Kochherd \u2013 und die Grillsaison kann problemlos schon im Februar beginnen und bis Ende Januar andauern.&nbsp;<\/p>\n\n\n\n<p><strong>I wie iPhone:<\/strong><strong>&nbsp;<\/strong>Damit bleiben wir mit unseren Freunden in Kontakt, auch wenn wir sie nicht regelm\u00e4ssig sehen k\u00f6nnen.&nbsp;<\/p>\n\n\n\n<p><strong>H wie Hochzeit:<\/strong>&nbsp;Wir freuen uns sehr auf unsere Hochzeit und vor allem auf ein tolles Fest!&nbsp;<\/p>\n\n\n\n<p><strong>J wie j\u00e4ten:<\/strong><strong>&nbsp;<\/strong>Da Sarah f\u00fcr diese Gartenarbeit absolut keine Motivation hat, \u00fcbernimmt David diesen Part. Stundenlang kann er in unbequemer K\u00f6rperhaltung die unerw\u00fcnschten Pfl\u00e4nzchen auszupfen und ausgraben. Als Entsch\u00e4digung f\u00fcr diese leidige Arbeit geniesst er es umso mehr, wenn er den Rasenm\u00e4hertraktor unseres Vermieters benutzen kann und unsere Rasenfl\u00e4che m\u00e4hen darf.&nbsp;<\/p>\n\n\n\n<p><strong>K wie Kippel:<\/strong><strong>&nbsp;<\/strong>Dieses Dorf ist Davids Heimatdorf. Es ist eine von vier L\u00f6tschentaler Gemeinden im Kanton Wallis. Wir sind sehr gerne in Kippel und geniessen dort die wunderbare Berglandschaft. Auch die Begegnungen mit Davids Familie, Freunden, Verwandten und Bekannten sind immer wieder sch\u00f6n. Es ist bemerkenswert, dass David praktisch alle Leute kennt, denen wir in Kippel auf der Strasse begegnen. (Ebenso bemerkenswert ist es \u2013 zumindest f\u00fcr \u00abnicht Walliser\u00bb \u2013 dass man sich auf der Strasse am Mittag um 12.30 Uhr bereits mit \u00abguten Abend\u00bb gr\u00fcsst.)<\/p>\n\n\n\n<p><strong>L wie Lockdown:<\/strong><strong>&nbsp;<\/strong>Was f\u00fcr viele Leute \u2013 verst\u00e4ndlicherweise \u2013 ein Fluch war, war f\u00fcr uns ein Segen: Der erste Corona-Lockdown im M\u00e4rz 2020. Sarah konnte im Homeoffice in ihrem damaligen Wohnort Auw ihr Studium fortsetzen und im Juni 2020 abschliessen, w\u00e4hrend David f\u00fcr seinen Arbeitgeber RBS ebenfalls im Homeoffice arbeitete. Zu dieser Zeit hatten wir noch keine gemeinsame Wohnung und vor dem Lockdown nahmen wir regelm\u00e4ssig lange Autofahrten (auf der immer verstopften A1) auf uns, um uns zu sehen. Der Lockdown brachte die Chance, dass David das Homeoffice in Auw einrichtete und die langen Autofahrten wegfielen. Wir konnten uns jeden Tag sehen und merkten, dass das gemeinsame Wohnen gut funktioniert. Zudem war der Lockdown der \u00abStartschuss\u00bb daf\u00fcr, dass David \u2013 auch als die Coronamassnahmen wegfielen \u2013 weiterhin einen Tag pro Woche im Homeoffice arbeiten kann.&nbsp;<\/p>\n\n\n\n<p><strong>M wie Marco Odermatt und Co.:<\/strong>&nbsp;Wir verpassen am Fernseher kein Skirennen. K\u00f6nnen wir das Rennen nicht in Echtzeit schauen, schalten wir unsere digitalen Ger\u00e4te auf Flugmodus, koppeln uns von der Aussenwelt ab und schauen das Rennen einige Stunden sp\u00e4ter nach \u2013 ohne das Ergebnis bereits zu wissen. Wenn jemand das Ergebnis ausplaudert, wird Sarah seeehr sauer!&nbsp;\ud83d\ude42&nbsp;F\u00fcr wichtige Rennen \u2013 wie beispielsweise an den olympischen Spielen \u2013 steht Sarah auch mitten in der Nacht auf!<\/p>\n\n\n\n<p><strong>N wie Nanuk:<\/strong><strong>&nbsp;<\/strong>Am 31. August 2021 zog unsere Katze Nanuk bei uns ein. Der rote Kater bringt uns viel Freude und bis jetzt zum Gl\u00fcck noch keine M\u00e4use und fast keine V\u00f6gel. Vor Cameo hatte Nanuk von Anfang an keine Angst und so konnten sich die beiden gut aneinander gew\u00f6hnen.&nbsp;<\/p>\n\n\n\n<p><strong>P wie P\u00e4dagogische Hochschule:<\/strong><strong>&nbsp;<\/strong>Im Alter von 30 Jahren hat Sarah noch ein Studium an der P\u00e4dagogischen Hochschule in Zug in Angriff genommen. Dieses war herausfordernd \u2013 nicht nur f\u00fcr Sarah. So musste David das eine oder andere Mal den Frust \u00fcber sinnlose Arbeiten ertragen. Als Abwechslung beteiligte er sich auch aktiv dabei, das eine oder andere Kinderlied zu lernen und auch bei der Pr\u00fcfungsvorbereitung half er tatkr\u00e4ftig mit. So konnte er Sarah und ihrer Mitstudentin mittels f\u00fcr ihn einfachen Konstruktionen zahlreiche mechanische Funktionen veranschaulichen und verst\u00e4ndlich machen.&nbsp;<\/p>\n\n\n\n<p><strong>Q wie quatschen:<\/strong><strong>&nbsp;<\/strong>Wir sprechen sehr gerne \u00fcber verschiedene Themen und mit verschiedenen Leuten.&nbsp;<\/p>\n\n\n\n<p><strong>R wie Rapperswil-Jona:<\/strong>&nbsp;In der Rosenstadt (ja, Rapperswil-Jona wird offenbar so genannt :-)) hatten wir unser erstes Date Ende Januar 2019. Nachdem David mit Versp\u00e4tung endlich in Rappi eingetroffen war, machten wir einen Spaziergang und da wir gerne noch mehr Zeit miteinander verbringen wollten, gingen wir in eine Pizzeria zum Nachtessen.<\/p>\n\n\n\n<p><strong>S wie Schottland:<\/strong><strong>&nbsp;<\/strong>Im Sommer 2019 machten wir in Schottland Ferien. Mit einem VW-B\u00fcsli fuhren wir zwei Wochen umher. Die Reise hat uns sehr gut gefallen: Wir waren fasziniert vom t\u00fcrkisblauen Meer, den wechselnden Wetterstimmungen, zahlreichen Schafe, steilen Klippen und geheimnisvollen Leuchtt\u00fcrmen. Besonders in Erinnerung bleibt uns eine Wanderung zum \u00abOld man of Storr\u00bb, welche wir aufgrund von heftigstem Regen abbrechen mussten \u2013 und kaum waren wir wieder unten bei unserem Bus, schien gleich wieder die Sonne! Eine andere Wanderung zum \u00abOld man of Stoer\u00bb bleibt besonders Sarah in Erinnerung: So war der Boden so matschig, dass es ihr nicht mehr ganz wohl war. Die Aussicht auf die einzigartige Felsformation im Meer machte die beschwerliche Wanderung wieder wett. Auf dem R\u00fcckweg wechselte die Wetterstimmung und mit Blick auf den Leuchtturm beschloss Sarah, eines Tages \u00fcber diesen Leuchtturm ein Buch zu schreiben\u2026. Was sie im Fr\u00fchling 2021 auch tat.<\/p>\n\n\n\n<p><strong>T wie Tinder:<\/strong><strong>&nbsp;<\/strong>Man h\u00f6rt viel Negatives dar\u00fcber und oftmals tummeln sich auch merkw\u00fcrdige Gestalten auf dieser Plattform\u2026 uns hat diese Dating-App jedoch zusammengebracht.&nbsp;<\/p>\n\n\n\n<p><strong>U wie UKW:<\/strong><strong>&nbsp;<\/strong>Via UKW h\u00f6rt man ab und zu am Wochenende Sarahs Stimme: Bei Radio Central und Sunshine Radio in der Zentralschweiz \u00fcbernimmt sie regelm\u00e4ssig Wochenenddienste. Die Leidenschaft des Radiomachens packte Sarah vor \u00fcber 10 Jahren. Der Einstieg in die Branche gelang mit einem 6-monatigen Praktikum bei einem Radiosender in Zofingen, danach wechselte sie zu Radio Central in Brunnen. Dort durfte sie dann auch berufsbegleitend die Radio-Ausbildung am MAZ in Luzern absolvieren. Nach einigen Jahren als Vollzeit-Moderatorin\/-Redaktorin folgte das Studium an der PH \u2013 dennoch blieb Sarah radio-aktiv. Die vielseitige Arbeit mit abwechslungsreichen Themen aus den Bereichen Politik, Gesellschaft, Sport, Musik, Katastrophen, Boulevard etc. begeistert Sarah noch heute und ist ein optimaler Ausgleich zum Job als Kinderg\u00e4rtnerin.<\/p>\n\n\n\n<p><strong>V wie Verlobung:<\/strong><strong>&nbsp;<\/strong>Am Sonntag, 27. Februar 2022 klingelte der Wecker f\u00fcr Davids Verh\u00e4ltnisse viel zu fr\u00fch. Dennoch standen wir auf und fuhren zum Hagneck-Kanal. Dort spazierten wir dem Ufer entlang und Sarah fotografierte den Sonnenaufgang. Cameo sollte sich hinsetzen, um ein Foto zu machen. An diesem Morgen hatte er aber eine seiner Launen und gehorchte \u00fcberhaupt nicht. Er setzte sich immer vor David (mit dem \u00abBettelblick\u00bb: \u00abich m\u00f6chte bitte ein Guddeli\u00bb) und schaffte es nicht, neben David zu sitzen. Sarah wollte David einen Tipp geben, dass Cameo sich eben neben ihn setzt. Nach einigem Hin und Her sass Cameo endlich neben David und in diesem Moment fragte David, ob Sarah ihn heiraten m\u00f6chte. Sarah war so perplex, weil sie mit den Gedanken bei Cameo und seinem gierigen \u00abBettelblick\u00bb und Ungehorsam war, so dass sie lediglich \u00abalso hast du mich das jetzt wirklich gefragt?\u00bb entgegnen konnte. Als Sarah dann begriff, dass es David wirklich ernst meinte, sagte sie nat\u00fcrlich JA!&nbsp;<\/p>\n\n\n\n<p><strong>W wie Wald:<\/strong><strong>&nbsp;<\/strong>Wir sind gerne im Wald. Mit Cameo machen wir regelm\u00e4ssig Waldspazierg\u00e4nge und ab und zu Spurensuchen. Zudem ist es der Wald, der Sarah zu ihrer aktuellen Kindergartenstelle in Tschugg gebracht hat: Weil der Kindergarten mindestens 7 Wochen im Jahr in den Wald verlegt wird, hat sich Sarah \u00fcberhaupt erst auf diese Stelle beworben. Im Fr\u00fchling m\u00f6gen wir das Erwachen der Natur, im Sommer geniessen wir die Abk\u00fchlung im Schatten der B\u00e4ume, im Herbst gefallen uns die bunten Bl\u00e4tter und im Winter der Schnee.<\/p>\n\n\n\n<p><strong>X wie Xylophon:<\/strong><strong>&nbsp;<\/strong>Dies ist nicht unser Lieblingsinstrument, dennoch haben wir beide \u00abmusikalische Erfahrungen\u00bb: So hat David in seiner Schulzeit mit Blockfl\u00f6tenkl\u00e4ngen seine Mitmenschen unterhalten (er m\u00f6chte betonen, dass er dies gemacht hat, weil es f\u00fcr alle Kinder obligatorisch war). Sp\u00e4ter spielte er mehrere Jahre in der Guggenmusik Trompete. Auch Sarah spielte Blockfl\u00f6te, hatte jedoch auch keine ausgepr\u00e4gte Freude daran und entschied sich dann f\u00fcr die Geige. W\u00e4hrend \u00fcber 10 Jahren spielte Sarah dieses Instrument, unter anderem auch in einem Jugendorchester. Vor rund 20 Jahren trat sie der Guggenmusik bei, wo sie zuerst Rasseln, dann \u00abGranitblocks\u00bb und sp\u00e4ter Posaune spielte. W\u00e4hrend der Ausbildung zur Kinderg\u00e4rtnerin kamen dann noch die Gitarre und Ukulele dazu. Seit \u00fcber zwei Jahren erteilt Sarah Ukulele-Unterricht.&nbsp;<\/p>\n\n\n\n<p><strong>Y wie Yellowstone Nationalpark:<\/strong><strong>&nbsp;<\/strong>Schon viel davon geh\u00f6rt und Bilder gesehen \u2013 jedoch waren wir leider noch nie da. Dieser Park ist einer auf unserer \u00abto do-Liste\u00bb, sollten wir jemals wieder eine grosse Reise machen k\u00f6nnen.&nbsp;<\/p>\n\n\n\n<p><strong>Z wie Zug:<\/strong><strong>&nbsp;<\/strong>David hat in seinem Berufsalltag seit Jahren mit Z\u00fcgen zu tun, zuerst bei Stadler Rail \u2013 jetzt beim Regionalverkehr Bern-Solothurn. Mit seiner \u00abBald-Nichte\u00bb und seinem \u00abBald-Schwager\u00bb kann er \u00fcber Z\u00fcge fachsimpeln \u2013 er muss sich aber in Acht nehmen, dass die dreij\u00e4hrige Lena nicht bald mehr weiss als er&nbsp;\ud83d\ude42&nbsp;David ist Elektroingenieur und arbeitet als technischer Projektleiter. Was er den ganzen Tag genau macht, ist f\u00fcr Sarah immer wieder schwierig zu erkl\u00e4ren: Er arbeitet am Computer, braucht Nerven f\u00fcr m\u00fchsame Lieferanten und erstellt oder kontrolliert komplizierte Pl\u00e4ne und Listen \u2013 und manchmal gibt\u2019s ein Bier per Zoom&nbsp;\ud83d\ude42<\/p>\n","protected":false},"excerpt":{"rendered":"<p>Fotos: Andrea Nietlisbach Hier erfahrt ihr von A bis Z einige lustige, spannende und unterhaltsame Fakten \u00fcber Sarah und David. Viel Spass&nbsp;\ud83d\ude42&nbsp; A wie Autofahren:&nbsp;Da wir in unterschiedlichen Regionen der<\/p>\n<p class=\"more-link\"><a href=\"https:\/\/nessaja.ch\/?page_id=12\" class=\"readmore\">Continue reading<svg class=\"icon icon-arrow-right\" aria-hidden=\"true\" role=\"img\"> <use href=\"#icon-arrow-right\" xlink:href=\"#icon-arrow-right\"><\/use> <\/svg><span class=\"screen-reader-text\">\u00dcber uns<\/span><\/a><\/p>\n","protected":false},"author":1,"featured_media":0,"parent":0,"menu_order":0,"comment_status":"closed","ping_status":"closed","template":"","meta":{"footnotes":""},"class_list":["post-12","page","type-page","status-publish","hentry"],"_links":{"self":[{"href":"https:\/\/nessaja.ch\/index.php?rest_route=\/wp\/v2\/pages\/12","targetHints":{"allow":["GET"]}}],"collection":[{"href":"https:\/\/nessaja.ch\/index.php?rest_route=\/wp\/v2\/pages"}],"about":[{"href":"https:\/\/nessaja.ch\/index.php?rest_route=\/wp\/v2\/types\/page"}],"author":[{"embeddable":true,"href":"https:\/\/nessaja.ch\/index.php?rest_route=\/wp\/v2\/users\/1"}],"replies":[{"embeddable":true,"href":"https:\/\/nessaja.ch\/index.php?rest_route=%2Fwp%2Fv2%2Fcomments&post=12"}],"version-history":[{"count":1,"href":"https:\/\/nessaja.ch\/index.php?rest_route=\/wp\/v2\/pages\/12\/revisions"}],"predecessor-version":[{"id":15,"href":"https:\/\/nessaja.ch\/index.php?rest_route=\/wp\/v2\/pages\/12\/revisions\/15"}],"wp:attachment":[{"href":"https:\/\/nessaja.ch\/index.php?rest_route=%2Fwp%2Fv2%2Fmedia&parent=12"}],"curies":[{"name":"wp","href":"https:\/\/api.w.org\/{rel}","templated":true}]}}