{"id":18,"date":"2023-04-13T22:56:44","date_gmt":"2023-04-13T20:56:44","guid":{"rendered":"https:\/\/nessaja.ch\/?page_id=18"},"modified":"2024-03-18T21:18:04","modified_gmt":"2024-03-18T20:18:04","slug":"hochzeitsfeier-auf-dem-herzberg","status":"publish","type":"page","link":"https:\/\/nessaja.ch\/?page_id=18","title":{"rendered":"Hochzeitsfeier auf dem Herzberg"},"content":{"rendered":"\n<p>Wir w\u00fcnschen dir viel Spass beim Durchschauen der Bilder von unserer Hochzeit vom 6. Mai 2023. Unter dem folgenden Link kannst du sie herunterladen &#8211; und beachte bitte Folgendes: Mit dem Herunterladen der Bilder erkl\u00e4rst du dich automatisch damit einverstanden, dass die Bilder lediglich zu <strong>privaten Zwecken<\/strong> verwendet werden d\u00fcrfen. Die Ver\u00f6ffentlichung der Bilder (Social Media, Whatsapp-Status etc.) ist nur nach Absprache erlaubt. Danke f\u00fcr deine Mithilfe.\u00a0<\/p>\n\n\n\n<p><a href=\"http:\/\/gofile.me\/4r9Xd\/NCfMEhSZv\">Zum Download<\/a><\/p>\n","protected":false},"excerpt":{"rendered":"<p>Wir w\u00fcnschen dir viel Spass beim Durchschauen der Bilder von unserer Hochzeit vom 6. Mai 2023. Unter dem folgenden Link kannst du sie herunterladen &#8211; und beachte bitte Folgendes: Mit<\/p>\n<p class=\"more-link\"><a href=\"https:\/\/nessaja.ch\/?page_id=18\" class=\"readmore\">Continue reading<svg class=\"icon icon-arrow-right\" aria-hidden=\"true\" role=\"img\"> <use href=\"#icon-arrow-right\" xlink:href=\"#icon-arrow-right\"><\/use> <\/svg><span class=\"screen-reader-text\">Hochzeitsfeier auf dem Herzberg<\/span><\/a><\/p>\n","protected":false},"author":1,"featured_media":0,"parent":0,"menu_order":0,"comment_status":"closed","ping_status":"closed","template":"","meta":{"footnotes":""},"class_list":["post-18","page","type-page","status-publish","hentry"],"_links":{"self":[{"href":"https:\/\/nessaja.ch\/index.php?rest_route=\/wp\/v2\/pages\/18","targetHints":{"allow":["GET"]}}],"collection":[{"href":"https:\/\/nessaja.ch\/index.php?rest_route=\/wp\/v2\/pages"}],"about":[{"href":"https:\/\/nessaja.ch\/index.php?rest_route=\/wp\/v2\/types\/page"}],"author":[{"embeddable":true,"href":"https:\/\/nessaja.ch\/index.php?rest_route=\/wp\/v2\/users\/1"}],"replies":[{"embeddable":true,"href":"https:\/\/nessaja.ch\/index.php?rest_route=%2Fwp%2Fv2%2Fcomments&post=18"}],"version-history":[{"count":3,"href":"https:\/\/nessaja.ch\/index.php?rest_route=\/wp\/v2\/pages\/18\/revisions"}],"predecessor-version":[{"id":80,"href":"https:\/\/nessaja.ch\/index.php?rest_route=\/wp\/v2\/pages\/18\/revisions\/80"}],"wp:attachment":[{"href":"https:\/\/nessaja.ch\/index.php?rest_route=%2Fwp%2Fv2%2Fmedia&parent=18"}],"curies":[{"name":"wp","href":"https:\/\/api.w.org\/{rel}","templated":true}]}}